{"id":86,"date":"2019-02-03T20:53:06","date_gmt":"2019-02-03T19:53:06","guid":{"rendered":"https:\/\/fromberger.com\/?page_id=86"},"modified":"2019-02-12T21:37:59","modified_gmt":"2019-02-12T20:37:59","slug":"start","status":"publish","type":"page","link":"https:\/\/fromberger.com\/","title":{"rendered":"start"},"content":{"rendered":"Leben in Bewegung!<br><br><br><img data-recalc-dims=\"1\" decoding=\"async\" class=\"size-full\" data-wpid=\"1\" src=\"https:\/\/i0.wp.com\/fromberger.com\/wp-content\/uploads\/2019\/02\/22181465_1837812526261451_7637937022113181161_o.jpg?w=790&#038;ssl=1\" data-temp-aztec-id=\"464932da-0d23-4350-8e9f-d59aa1095432\" \/><br><br>Eine Website zum Thema Therapie und Gesundheitsmanagement mit einem Blog und der einen oder anderen Information. Hier finden sich nach und nach wissenswerte Informationen zu verschiedenen Gesundheitsthemen die mit Physiotherapie und allem was dazu geh\u00f6rt zu tun haben. Videos, Anleitungen und Anderes stammt aus Quellen die ich pers\u00f6nlich f\u00fcr seri\u00f6s halte. Du findest hier keine Wundermittel, zumindest nichts was nicht wissenschaftlich erkl\u00e4rbar ist, keine Anleitungen zur Pseudotherapie und Quacksalberei.<br><br>Das Angebot wird von mir frei von Werbebannern und l\u00e4stigen sich aufpoppenden Seiten gehalten. Via YouTube verlinkte Videos k\u00f6nnen, es l\u00e4\u00dft sich nicht vermeiden Werbeeinblendungen haben. Sorry daf\u00fcr.<br><br><br><br>","protected":false},"excerpt":{"rendered":"<p>Leben in Bewegung! Eine Website zum Thema Therapie und Gesundheitsmanagement mit einem Blog und der einen oder anderen Information. Hier finden sich nach und nach wissenswerte Informationen zu verschiedenen Gesundheitsthemen die mit Physiotherapie und allem was dazu geh\u00f6rt zu tun haben. Videos, Anleitungen und Anderes stammt aus Quellen die ich&hellip; <\/p>\n","protected":false},"author":1,"featured_media":0,"parent":0,"menu_order":0,"comment_status":"closed","ping_status":"closed","template":"","meta":{"jetpack_post_was_ever_published":false,"footnotes":""},"class_list":["post-86","page","type-page","status-publish","hentry"],"jetpack_sharing_enabled":true,"jetpack_shortlink":"https:\/\/wp.me\/P9Ny4J-1o","jetpack-related-posts":[],"_links":{"self":[{"href":"https:\/\/fromberger.com\/index.php?rest_route=\/wp\/v2\/pages\/86"}],"collection":[{"href":"https:\/\/fromberger.com\/index.php?rest_route=\/wp\/v2\/pages"}],"about":[{"href":"https:\/\/fromberger.com\/index.php?rest_route=\/wp\/v2\/types\/page"}],"author":[{"embeddable":true,"href":"https:\/\/fromberger.com\/index.php?rest_route=\/wp\/v2\/users\/1"}],"replies":[{"embeddable":true,"href":"https:\/\/fromberger.com\/index.php?rest_route=%2Fwp%2Fv2%2Fcomments&post=86"}],"version-history":[{"count":11,"href":"https:\/\/fromberger.com\/index.php?rest_route=\/wp\/v2\/pages\/86\/revisions"}],"predecessor-version":[{"id":114,"href":"https:\/\/fromberger.com\/index.php?rest_route=\/wp\/v2\/pages\/86\/revisions\/114"}],"wp:attachment":[{"href":"https:\/\/fromberger.com\/index.php?rest_route=%2Fwp%2Fv2%2Fmedia&parent=86"}],"curies":[{"name":"wp","href":"https:\/\/api.w.org\/{rel}","templated":true}]}}