{"id":27,"date":"2017-05-03T13:31:12","date_gmt":"2017-05-03T13:31:12","guid":{"rendered":"https:\/\/fromberger.com\/?page_id=27"},"modified":"2022-04-08T21:11:56","modified_gmt":"2022-04-08T20:11:56","slug":"%c2%a720-praventionskurse","status":"publish","type":"page","link":"https:\/\/fromberger.com\/?page_id=27","title":{"rendered":"\u00a720 &#8211; Pr\u00e4ventionskurse"},"content":{"rendered":"<p>Ich bin Ihr kompetenter Ansprechpartner wenn es um \u00a720 konforme Pr\u00e4ventionsleistungen geht.<\/p>\n<p>Hier die M\u00f6glichkeiten:<\/p>\n<ul>\n<li>Nordic Walking<\/li>\n<li>PMR Progressive Muskelrelaxation nach Jacobsen<\/li>\n<li>R\u00fcckenschule<\/li>\n<li>R\u00fcckenschule am Arbeitsplatz<\/li>\n<li>Wirbels\u00e4ulengymnastik<\/li>\n<li>AGR R\u00fcckenfit<\/li>\n<\/ul>\n\n\n<p><\/p>\n","protected":false},"excerpt":{"rendered":"<p>Ich bin Ihr kompetenter Ansprechpartner wenn es um \u00a720 konforme Pr\u00e4ventionsleistungen geht. Hier die M\u00f6glichkeiten: Nordic Walking PMR Progressive Muskelrelaxation nach Jacobsen R\u00fcckenschule R\u00fcckenschule am Arbeitsplatz Wirbels\u00e4ulengymnastik AGR R\u00fcckenfit<\/p>\n","protected":false},"author":1,"featured_media":0,"parent":25,"menu_order":0,"comment_status":"closed","ping_status":"closed","template":"","meta":{"jetpack_post_was_ever_published":false,"footnotes":""},"class_list":["post-27","page","type-page","status-publish","hentry"],"jetpack_sharing_enabled":true,"jetpack_shortlink":"https:\/\/wp.me\/P9Ny4J-r","jetpack-related-posts":[],"_links":{"self":[{"href":"https:\/\/fromberger.com\/index.php?rest_route=\/wp\/v2\/pages\/27"}],"collection":[{"href":"https:\/\/fromberger.com\/index.php?rest_route=\/wp\/v2\/pages"}],"about":[{"href":"https:\/\/fromberger.com\/index.php?rest_route=\/wp\/v2\/types\/page"}],"author":[{"embeddable":true,"href":"https:\/\/fromberger.com\/index.php?rest_route=\/wp\/v2\/users\/1"}],"replies":[{"embeddable":true,"href":"https:\/\/fromberger.com\/index.php?rest_route=%2Fwp%2Fv2%2Fcomments&post=27"}],"version-history":[{"count":3,"href":"https:\/\/fromberger.com\/index.php?rest_route=\/wp\/v2\/pages\/27\/revisions"}],"predecessor-version":[{"id":305,"href":"https:\/\/fromberger.com\/index.php?rest_route=\/wp\/v2\/pages\/27\/revisions\/305"}],"up":[{"embeddable":true,"href":"https:\/\/fromberger.com\/index.php?rest_route=\/wp\/v2\/pages\/25"}],"wp:attachment":[{"href":"https:\/\/fromberger.com\/index.php?rest_route=%2Fwp%2Fv2%2Fmedia&parent=27"}],"curies":[{"name":"wp","href":"https:\/\/api.w.org\/{rel}","templated":true}]}}